{"id":166,"date":"2023-08-21T22:24:14","date_gmt":"2023-08-21T19:24:14","guid":{"rendered":"https:\/\/dunyadiliturkce2024.harran.edu.tr\/?page_id=166"},"modified":"2024-09-25T19:43:10","modified_gmt":"2024-09-25T16:43:10","slug":"contact-2","status":"publish","type":"page","link":"https:\/\/dunyadiliturkce2024.harran.edu.tr\/index.php\/contact-2\/","title":{"rendered":"\u0130LET\u0130\u015e\u0130M"},"content":{"rendered":"\n<h2 class=\"wp-block-heading\">Adres<\/h2>\n\n\n\n<p>Fen-Edebiyat Fak\u00fcltesi Amfileri<\/p>\n\n\n\n<p>Harran \u00dcniversitesi Fen-Edebiyat Fak\u00fcltesi Osmanbey Yerle\u015fkesi<\/p>\n\n\n\n<p>63100 Haliliye\/\u015eanl\u0131urfa\/T\u00fcrkiye<\/p>\n\n\n\n<hr class=\"wp-block-separator has-alpha-channel-opacity\"\/>\n\n\n\n<h2 class=\"wp-block-heading\">E-posta<\/h2>\n\n\n\n<p>dunyadiliturkce@harran.edu.tr<\/p>\n\n\n\n<hr class=\"wp-block-separator has-alpha-channel-opacity\"\/>\n\n\n\n<p><strong>Telefon<\/strong><\/p>\n\n\n\n<p>+90 532 2942152<\/p>\n\n\n\n<hr class=\"wp-block-separator has-alpha-channel-opacity\"\/>\n\n\n\n<p><\/p>\n","protected":false},"excerpt":{"rendered":"<p>Adres Fen-Edebiyat Fak\u00fcltesi Amfileri Harran \u00dcniversitesi Fen-Edebiyat Fak\u00fcltesi Osmanbey Yerle\u015fkesi 63100 Haliliye\/\u015eanl\u0131urfa\/T\u00fcrkiye E-posta dunyadiliturkce@harran.edu.tr Telefon +90 532 2942152<\/p>\n","protected":false},"author":1,"featured_media":0,"parent":0,"menu_order":0,"comment_status":"closed","ping_status":"closed","template":"","meta":{"footnotes":""},"class_list":["post-166","page","type-page","status-publish","hentry"],"_links":{"self":[{"href":"https:\/\/dunyadiliturkce2024.harran.edu.tr\/index.php\/wp-json\/wp\/v2\/pages\/166","targetHints":{"allow":["GET"]}}],"collection":[{"href":"https:\/\/dunyadiliturkce2024.harran.edu.tr\/index.php\/wp-json\/wp\/v2\/pages"}],"about":[{"href":"https:\/\/dunyadiliturkce2024.harran.edu.tr\/index.php\/wp-json\/wp\/v2\/types\/page"}],"author":[{"embeddable":true,"href":"https:\/\/dunyadiliturkce2024.harran.edu.tr\/index.php\/wp-json\/wp\/v2\/users\/1"}],"replies":[{"embeddable":true,"href":"https:\/\/dunyadiliturkce2024.harran.edu.tr\/index.php\/wp-json\/wp\/v2\/comments?post=166"}],"version-history":[{"count":14,"href":"https:\/\/dunyadiliturkce2024.harran.edu.tr\/index.php\/wp-json\/wp\/v2\/pages\/166\/revisions"}],"predecessor-version":[{"id":1364,"href":"https:\/\/dunyadiliturkce2024.harran.edu.tr\/index.php\/wp-json\/wp\/v2\/pages\/166\/revisions\/1364"}],"wp:attachment":[{"href":"https:\/\/dunyadiliturkce2024.harran.edu.tr\/index.php\/wp-json\/wp\/v2\/media?parent=166"}],"curies":[{"name":"wp","href":"https:\/\/api.w.org\/{rel}","templated":true}]}}