{"id":162,"date":"2023-08-21T22:23:35","date_gmt":"2023-08-21T19:23:35","guid":{"rendered":"https:\/\/dunyadiliturkce2024.harran.edu.tr\/?page_id=162"},"modified":"2024-09-19T21:41:14","modified_gmt":"2024-09-19T18:41:14","slug":"registration-fees","status":"publish","type":"page","link":"https:\/\/dunyadiliturkce2024.harran.edu.tr\/index.php\/registration\/registration-fees\/","title":{"rendered":"KAYIT VE \u00dcCRETLER"},"content":{"rendered":"\n<p class=\"has-text-align-center has-large-font-size\"><strong>KAYIT \u00dcCRET\u0130<\/strong><\/p>\n\n\n\n<figure class=\"wp-block-table is-style-stripes has-medium-font-size\"><table class=\"has-fixed-layout\"><thead><tr><th class=\"has-text-align-center\" data-align=\"center\">KATILIMCILAR<\/th><th class=\"has-text-align-center\" data-align=\"center\"><strong>Y\u00fcz Y\u00fcze Kay\u0131t<\/strong><\/th><th class=\"has-text-align-center\" data-align=\"center\"><strong>\u00c7evrim \u0130\u00e7i Kay\u0131t<\/strong><\/th><\/tr><\/thead><tbody><tr><td class=\"has-text-align-center\" data-align=\"center\">Yurt i\u00e7i (Tek Yazarl\u0131)<\/td><td class=\"has-text-align-center\" data-align=\"center\">2000 TL<\/td><td class=\"has-text-align-center\" data-align=\"center\">1750 TL<\/td><\/tr><tr><td class=\"has-text-align-center\" data-align=\"center\">Yurt d\u0131\u015f\u0131 (Tek Yazarl\u0131)<\/td><td class=\"has-text-align-center\" data-align=\"center\">60 Dolar<\/td><td class=\"has-text-align-center\" data-align=\"center\">50 Dolar<\/td><\/tr><tr><td class=\"has-text-align-center\" data-align=\"center\">Yurt i\u00e7i (\u0130ki veya daha fazla yazarl\u0131)<\/td><td class=\"has-text-align-center\" data-align=\"center\">2000 TL ve her bir yazar i\u00e7in ayr\u0131ca 500 TL<\/td><td class=\"has-text-align-center\" data-align=\"center\">1750 TL <\/td><\/tr><tr><td class=\"has-text-align-center\" data-align=\"center\">Yurt d\u0131\u015f\u0131 (\u0130ki veya daha fazla yazarl\u0131)<\/td><td class=\"has-text-align-center\" data-align=\"center\">60 Dolar ve her bir yazar i\u00e7in 15 Dolar <\/td><td class=\"has-text-align-center\" data-align=\"center\">50 Dolar <\/td><\/tr><tr><td class=\"has-text-align-center\" data-align=\"center\">Yurt i\u00e7i (Birden fazla bildiri ile kat\u0131lanlar)<\/td><td class=\"has-text-align-center\" data-align=\"center\">\u0130lk bildirileri yukar\u0131daki fiyatlardan birine dahil, ikinci ve daha fazla bildirileri <br>500 TL<\/td><td class=\"has-text-align-center\" data-align=\"center\">\u0130lk bildirileri yukar\u0131daki fiyatlardan birine dahil, ikinci ve daha fazla bildirileri <br>250 TL<\/td><\/tr><tr><td class=\"has-text-align-center\" data-align=\"center\">Yurt d\u0131\u015f\u0131 (Birden fazla bildiri ile kat\u0131lanlar)<\/td><td class=\"has-text-align-center\" data-align=\"center\">\u0130lk bildirileri yukar\u0131daki fiyatlardan birine dahil, ikinci ve daha fazla bildirileri <br>15 Dolar <\/td><td class=\"has-text-align-center\" data-align=\"center\">\u0130lk bildirileri yukar\u0131daki fiyatlardan birine dahil, ikinci ve daha fazla bildirileri <br>10 Dolar<\/td><\/tr><tr><td class=\"has-text-align-center\" data-align=\"center\"><\/td><td class=\"has-text-align-center\" data-align=\"center\"><\/td><td class=\"has-text-align-center\" data-align=\"center\"><\/td><\/tr><tr><td class=\"has-text-align-center\" data-align=\"center\"><\/td><td class=\"has-text-align-center\" data-align=\"center\"><strong>Not<\/strong>: Birden fazla yazarl\u0131 bildirilerde bir yazar y\u00fcz y\u00fcze kat\u0131lacaksa tek ki\u015filik \u00fccret \u00f6denmesi yeterlidir.<\/td><td class=\"has-text-align-center\" data-align=\"center\"><\/td><\/tr><tr><td class=\"has-text-align-center\" data-align=\"center\"><\/td><td class=\"has-text-align-center\" data-align=\"center\"><\/td><td class=\"has-text-align-center\" data-align=\"center\"><\/td><\/tr><\/tbody><\/table><\/figure>\n\n\n\n<hr class=\"wp-block-separator has-alpha-channel-opacity\"\/>\n\n\n\n<p><strong>\u00d6DEME B\u0130LG\u0130LER\u0130<\/strong><\/p>\n\n\n\n<p class=\"has-text-align-left\" style=\"font-size:20px\">Kay\u0131t \u00fccretinizi a\u015fa\u011f\u0131da verilen bilgiler do\u011frultusunda havale\/EFT yoluyla \u00f6deyebilirsiniz. \u00d6deme yap\u0131l\u0131rken a\u00e7\u0131klama k\u0131sm\u0131na &#8220;XVI. UDDTS&#8221; yaz\u0131p sempozyum sayfas\u0131ndaki <strong><mark style=\"background-color:rgba(0, 0, 0, 0)\" class=\"has-inline-color has-vivid-red-color\">bildiri kabul s\u0131ralamas\u0131 numaran\u0131z\u0131<\/mark><\/strong> ve <strong><mark style=\"background-color:rgba(0, 0, 0, 0)\" class=\"has-inline-color has-vivid-red-color\">ad-soyad\u0131n\u0131z\u0131<\/mark><\/strong> yaz\u0131n\u0131z. Daha sonra<mark style=\"background-color:rgba(0, 0, 0, 0)\" class=\"has-inline-color has-vivid-red-color\"> kongre kay\u0131t formuna bilgilerinizi girip dekontu <a href=\"https:\/\/docs.google.com\/forms\/d\/e\/1FAIpQLSfCuil994HrQP6ljj1UgP7qTaff_siCS7VbBuyuLiRNn1VooA\/viewform?usp=sf_link\">y\u00fckleyiniz<\/a><\/mark>. \u00d6demeniz ula\u015ft\u0131ktan sonra d\u00fczenleme kurulu size e-posta yoluyla bir onay bildirimi g\u00f6nderecektir. E\u011fer 2 hafta i\u00e7erisinde elinize ula\u015fmazsa dunyadiliturkce@harran.edu.tr adresine mesaj yaz\u0131n\u0131z.<\/p>\n\n\n\n<p style=\"font-size:20px\"><strong>Hesap Ad\u0131<\/strong>: Rimar Academy<\/p>\n\n\n\n<p><strong>\u00dclke-\u015eehir<\/strong>: T\u00fcrkiye-\u0130stanbul<\/p>\n\n\n\n<p style=\"font-size:20px\"><strong>Banka<\/strong> : Albaraka<\/p>\n\n\n\n<p><strong>\u015eube: <\/strong>Fatih<\/p>\n\n\n\n<p style=\"font-size:20px\"><strong>Swift kodu<\/strong> : BTFHTRIS<\/p>\n\n\n\n<p><strong>IBANLAR<\/strong><\/p>\n\n\n\n<ul class=\"wp-block-list\">\n<li>TL : TR28 0020 3000 1009 9992 0000 02<\/li>\n\n\n\n<li>USD : TR55 0020 3000 1009 9992 0000 01<\/li>\n\n\n\n<li>EURO : <\/li>\n<\/ul>\n","protected":false},"excerpt":{"rendered":"<p>KAYIT \u00dcCRET\u0130 KATILIMCILAR Y\u00fcz Y\u00fcze Kay\u0131t \u00c7evrim \u0130\u00e7i Kay\u0131t Yurt i\u00e7i (Tek Yazarl\u0131) 2000 TL 1750 TL Yurt d\u0131\u015f\u0131 (Tek Yazarl\u0131) 60 Dolar 50 Dolar Yurt i\u00e7i (\u0130ki veya daha fazla yazarl\u0131) 2000 TL ve her bir yazar i\u00e7in ayr\u0131ca 500 TL 1750 TL Yurt d\u0131\u015f\u0131 (\u0130ki veya daha fazla yazarl\u0131) 60 Dolar ve her &hellip; <\/p>\n","protected":false},"author":1,"featured_media":0,"parent":174,"menu_order":2,"comment_status":"closed","ping_status":"closed","template":"","meta":{"footnotes":""},"class_list":["post-162","page","type-page","status-publish","hentry"],"_links":{"self":[{"href":"https:\/\/dunyadiliturkce2024.harran.edu.tr\/index.php\/wp-json\/wp\/v2\/pages\/162","targetHints":{"allow":["GET"]}}],"collection":[{"href":"https:\/\/dunyadiliturkce2024.harran.edu.tr\/index.php\/wp-json\/wp\/v2\/pages"}],"about":[{"href":"https:\/\/dunyadiliturkce2024.harran.edu.tr\/index.php\/wp-json\/wp\/v2\/types\/page"}],"author":[{"embeddable":true,"href":"https:\/\/dunyadiliturkce2024.harran.edu.tr\/index.php\/wp-json\/wp\/v2\/users\/1"}],"replies":[{"embeddable":true,"href":"https:\/\/dunyadiliturkce2024.harran.edu.tr\/index.php\/wp-json\/wp\/v2\/comments?post=162"}],"version-history":[{"count":26,"href":"https:\/\/dunyadiliturkce2024.harran.edu.tr\/index.php\/wp-json\/wp\/v2\/pages\/162\/revisions"}],"predecessor-version":[{"id":1346,"href":"https:\/\/dunyadiliturkce2024.harran.edu.tr\/index.php\/wp-json\/wp\/v2\/pages\/162\/revisions\/1346"}],"up":[{"embeddable":true,"href":"https:\/\/dunyadiliturkce2024.harran.edu.tr\/index.php\/wp-json\/wp\/v2\/pages\/174"}],"wp:attachment":[{"href":"https:\/\/dunyadiliturkce2024.harran.edu.tr\/index.php\/wp-json\/wp\/v2\/media?parent=162"}],"curies":[{"name":"wp","href":"https:\/\/api.w.org\/{rel}","templated":true}]}}