{"id":160,"date":"2023-08-21T22:23:13","date_gmt":"2023-08-21T19:23:13","guid":{"rendered":"https:\/\/dunyadiliturkce2024.harran.edu.tr\/?page_id=160"},"modified":"2024-09-06T01:13:57","modified_gmt":"2024-09-05T22:13:57","slug":"submission-2","status":"publish","type":"page","link":"https:\/\/dunyadiliturkce2024.harran.edu.tr\/index.php\/registration\/submission-2\/","title":{"rendered":"B\u0130LD\u0130R\u0130 G\u00d6NDER\u0130M"},"content":{"rendered":"\n<p><strong>Not<\/strong>: <mark style=\"background-color:#cf2e2e\" class=\"has-inline-color has-black-color\">Sistem \u00fczerinden bildiri g\u00f6ndermede sorun ya\u015fayan ara\u015ft\u0131rmac\u0131lar sempozyum mail adresi \u00fczerinden bildiri \u00f6zetlerini g\u00f6nderebilir. <\/mark><\/p>\n\n\n\n<p><a href=\"https:\/\/dunyadiliturkce2024.harran.edu.tr\/index.php\/duyurular\/\" data-type=\"page\" data-id=\"1188\">Bildiri Yaz\u0131m Kurallar\u0131<\/a><\/p>\n\n\n\n<p><strong>Bildiri \u00f6zetlerinizi a\u015fa\u011f\u0131daki ba\u011flant\u0131 adresinden g\u00f6nderebilirsiniz.<\/strong>&nbsp;<\/p>\n\n\n\n<p><a href=\"https:\/\/openconf.harran.edu.tr\/openconf.php\">Bildirimi g\u00f6nderimi<\/a><\/p>\n\n\n\n<p>Bildiri nas\u0131l y\u00fcklenir?<\/p>\n\n\n\n<figure class=\"wp-block-embed is-type-video is-provider-youtube wp-block-embed-youtube wp-embed-aspect-4-3 wp-has-aspect-ratio\"><div class=\"wp-block-embed__wrapper\">\n<iframe title=\"Bildiri Nas\u0131l Y\u00fcklenir?\" width=\"640\" height=\"480\" src=\"https:\/\/www.youtube.com\/embed\/o9wxn0Y7V-c?feature=oembed\" frameborder=\"0\" allow=\"accelerometer; autoplay; clipboard-write; encrypted-media; gyroscope; picture-in-picture; web-share\" referrerpolicy=\"strict-origin-when-cross-origin\" allowfullscreen><\/iframe>\n<\/div><\/figure>\n","protected":false},"excerpt":{"rendered":"<p>Not: Sistem \u00fczerinden bildiri g\u00f6ndermede sorun ya\u015fayan ara\u015ft\u0131rmac\u0131lar sempozyum mail adresi \u00fczerinden bildiri \u00f6zetlerini g\u00f6nderebilir. Bildiri Yaz\u0131m Kurallar\u0131 Bildiri \u00f6zetlerinizi a\u015fa\u011f\u0131daki ba\u011flant\u0131 adresinden g\u00f6nderebilirsiniz.&nbsp; Bildirimi g\u00f6nderimi Bildiri nas\u0131l y\u00fcklenir?<\/p>\n","protected":false},"author":1,"featured_media":0,"parent":174,"menu_order":1,"comment_status":"closed","ping_status":"closed","template":"","meta":{"footnotes":""},"class_list":["post-160","page","type-page","status-publish","hentry"],"_links":{"self":[{"href":"https:\/\/dunyadiliturkce2024.harran.edu.tr\/index.php\/wp-json\/wp\/v2\/pages\/160","targetHints":{"allow":["GET"]}}],"collection":[{"href":"https:\/\/dunyadiliturkce2024.harran.edu.tr\/index.php\/wp-json\/wp\/v2\/pages"}],"about":[{"href":"https:\/\/dunyadiliturkce2024.harran.edu.tr\/index.php\/wp-json\/wp\/v2\/types\/page"}],"author":[{"embeddable":true,"href":"https:\/\/dunyadiliturkce2024.harran.edu.tr\/index.php\/wp-json\/wp\/v2\/users\/1"}],"replies":[{"embeddable":true,"href":"https:\/\/dunyadiliturkce2024.harran.edu.tr\/index.php\/wp-json\/wp\/v2\/comments?post=160"}],"version-history":[{"count":22,"href":"https:\/\/dunyadiliturkce2024.harran.edu.tr\/index.php\/wp-json\/wp\/v2\/pages\/160\/revisions"}],"predecessor-version":[{"id":1274,"href":"https:\/\/dunyadiliturkce2024.harran.edu.tr\/index.php\/wp-json\/wp\/v2\/pages\/160\/revisions\/1274"}],"up":[{"embeddable":true,"href":"https:\/\/dunyadiliturkce2024.harran.edu.tr\/index.php\/wp-json\/wp\/v2\/pages\/174"}],"wp:attachment":[{"href":"https:\/\/dunyadiliturkce2024.harran.edu.tr\/index.php\/wp-json\/wp\/v2\/media?parent=160"}],"curies":[{"name":"wp","href":"https:\/\/api.w.org\/{rel}","templated":true}]}}