{"id":158,"date":"2023-08-21T22:22:51","date_gmt":"2023-08-21T19:22:51","guid":{"rendered":"https:\/\/dunyadiliturkce2024.harran.edu.tr\/?page_id=158"},"modified":"2024-10-02T23:46:24","modified_gmt":"2024-10-02T20:46:24","slug":"accommodation","status":"publish","type":"page","link":"https:\/\/dunyadiliturkce2024.harran.edu.tr\/index.php\/location\/accommodation\/","title":{"rendered":"KONAKLAMA"},"content":{"rendered":"\n<p><a href=\"https:\/\/bolge15.dsi.gov.tr\/Sayfa\/Detay\/815\" target=\"_blank\" rel=\"noreferrer noopener\">DS\u0130 \u015eanl\u0131urfa Misafirhanesi<\/a> (Sempozyum ad\u0131 ve tarihlerini s\u00f6yleyerek rezervasyon yapabilirsiniz.)<a href=\"https:\/\/sanliurfa.tarimorman.gov.tr\/Link\/10\/Misafirhanemiz#ctl00_PlaceHolderPageTitleInTitleArea2_ctl00_SkipLink\"><\/a><\/p>\n\n\n\n<hr class=\"wp-block-separator has-alpha-channel-opacity\"\/>\n\n\n\n<p><a href=\"https:\/\/www.sanliurfa.pol.tr\/sanliurfa-polisevi-sube-mudurlugu\" target=\"_blank\" rel=\"noreferrer noopener\">Polisevi \u015eanl\u0131urfa Misafirhanesi<\/a> (Sempozyum ad\u0131 ve tarihlerini s\u00f6yleyerek rezervasyon yapabilirsiniz.)<\/p>\n\n\n\n<hr class=\"wp-block-separator has-alpha-channel-opacity\"\/>\n\n\n\n<p><a href=\"http:\/\/www.grandurfa.com\" target=\"_blank\" rel=\"noreferrer noopener\">Grand Urfa Otel<\/a> (Sempozyum ad\u0131 s\u00f6ylenerek 1500 TL&#8217;ye konaklama ayarlanabilir.)<\/p>\n\n\n\n<hr class=\"wp-block-separator has-alpha-channel-opacity\"\/>\n\n\n\n<p><a href=\"https:\/\/sanliurfa.tarimorman.gov.tr\/Link\/10\/Misafirhanemiz\" target=\"_blank\" rel=\"noreferrer noopener\">\u015eanl\u0131urfa \u0130l Tar\u0131m ve Orman M\u00fcd\u00fcrl\u00fc\u011f\u00fc Misafirhanesi<\/a><\/p>\n\n\n\n<hr class=\"wp-block-separator has-alpha-channel-opacity\"\/>\n\n\n\n<p><a href=\"https:\/\/www.gobeklitepeotel.com.tr\" target=\"_blank\" rel=\"noreferrer noopener\">G\u00f6beklitepe Otel<\/a> (Tek ki\u015filik oda: 1250 TL, \u00c7ift ki\u015filik oda: 2000 TL, \u00dc\u00e7 ki\u015filik oda: 2500 TL, D\u00f6rt ki\u015filik oda: 3000 TL, S\u00fcit oda: 3500 TL)<\/p>\n\n\n\n<hr class=\"wp-block-separator has-alpha-channel-opacity\"\/>\n\n\n\n<p><a href=\"http:\/\/urfaevi.harran.edu.tr\/\" target=\"_blank\" rel=\"noreferrer noopener\">Harran \u00dcniversitesi Butik Hotel<\/a><\/p>\n\n\n\n<hr class=\"wp-block-separator has-alpha-channel-opacity\"\/>\n\n\n\n<p><a href=\"https:\/\/sks.harran.edu.tr\/tr\/sosyal-tesisler\/osmanbey-sosyal-tesisi\/\" target=\"_blank\" rel=\"noreferrer noopener\">Harran \u00dcniversitesi Sosyal Tesisleri Konukevi<\/a><\/p>\n\n\n\n<hr class=\"wp-block-separator has-alpha-channel-opacity\"\/>\n\n\n\n<p><a href=\"https:\/\/gaptaem.business.site\/?utm_source=gmb&amp;utm_medium=referral\">GAPTAEM Misafirhanesi<\/a><\/p>\n\n\n\n<hr class=\"wp-block-separator has-alpha-channel-opacity\"\/>\n\n\n\n<p><a href=\"https:\/\/www.hotelelruha.com\/en\/mainpage\/\" target=\"_blank\" rel=\"noreferrer noopener\">El Ruha Hotel <\/a><\/p>\n\n\n\n<hr class=\"wp-block-separator has-alpha-channel-opacity\"\/>\n\n\n\n<p><a href=\"https:\/\/nevalihotel.com\/\" target=\"_blank\" rel=\"noreferrer noopener\">Nevali Hotel<\/a><\/p>\n\n\n\n<hr class=\"wp-block-separator has-alpha-channel-opacity\"\/>\n\n\n\n<p><a href=\"https:\/\/www.hilton.com\/en\/hotels\/sfqgigi-hilton-garden-inn-sanliurfa\/?SEO_id=GMB-EMEA-GI-SFQGIGI\" target=\"_blank\" rel=\"noreferrer noopener\">Hilton Garden Inn \u015eanl\u0131urfa<\/a><\/p>\n\n\n\n<hr class=\"wp-block-separator has-alpha-channel-opacity\"\/>\n\n\n\n<p><a href=\"https:\/\/www.hilton.com\/en\/hotels\/gnydtdi-doubletree-sanliurfa\/\" target=\"_blank\" rel=\"noreferrer noopener\">DoubleTree by Hilton \u015eanl\u0131urfa<\/a><\/p>\n\n\n\n<hr class=\"wp-block-separator has-alpha-channel-opacity\"\/>\n","protected":false},"excerpt":{"rendered":"<p>DS\u0130 \u015eanl\u0131urfa Misafirhanesi (Sempozyum ad\u0131 ve tarihlerini s\u00f6yleyerek rezervasyon yapabilirsiniz.) Polisevi \u015eanl\u0131urfa Misafirhanesi (Sempozyum ad\u0131 ve tarihlerini s\u00f6yleyerek rezervasyon yapabilirsiniz.) Grand Urfa Otel (Sempozyum ad\u0131 s\u00f6ylenerek 1500 TL&#8217;ye konaklama ayarlanabilir.) \u015eanl\u0131urfa \u0130l Tar\u0131m ve Orman M\u00fcd\u00fcrl\u00fc\u011f\u00fc Misafirhanesi G\u00f6beklitepe Otel (Tek ki\u015filik oda: 1250 TL, \u00c7ift ki\u015filik oda: 2000 TL, \u00dc\u00e7 ki\u015filik oda: 2500 TL, D\u00f6rt &hellip; <\/p>\n","protected":false},"author":1,"featured_media":0,"parent":172,"menu_order":4,"comment_status":"closed","ping_status":"closed","template":"","meta":{"footnotes":""},"class_list":["post-158","page","type-page","status-publish","hentry"],"_links":{"self":[{"href":"https:\/\/dunyadiliturkce2024.harran.edu.tr\/index.php\/wp-json\/wp\/v2\/pages\/158","targetHints":{"allow":["GET"]}}],"collection":[{"href":"https:\/\/dunyadiliturkce2024.harran.edu.tr\/index.php\/wp-json\/wp\/v2\/pages"}],"about":[{"href":"https:\/\/dunyadiliturkce2024.harran.edu.tr\/index.php\/wp-json\/wp\/v2\/types\/page"}],"author":[{"embeddable":true,"href":"https:\/\/dunyadiliturkce2024.harran.edu.tr\/index.php\/wp-json\/wp\/v2\/users\/1"}],"replies":[{"embeddable":true,"href":"https:\/\/dunyadiliturkce2024.harran.edu.tr\/index.php\/wp-json\/wp\/v2\/comments?post=158"}],"version-history":[{"count":17,"href":"https:\/\/dunyadiliturkce2024.harran.edu.tr\/index.php\/wp-json\/wp\/v2\/pages\/158\/revisions"}],"predecessor-version":[{"id":1371,"href":"https:\/\/dunyadiliturkce2024.harran.edu.tr\/index.php\/wp-json\/wp\/v2\/pages\/158\/revisions\/1371"}],"up":[{"embeddable":true,"href":"https:\/\/dunyadiliturkce2024.harran.edu.tr\/index.php\/wp-json\/wp\/v2\/pages\/172"}],"wp:attachment":[{"href":"https:\/\/dunyadiliturkce2024.harran.edu.tr\/index.php\/wp-json\/wp\/v2\/media?parent=158"}],"curies":[{"name":"wp","href":"https:\/\/api.w.org\/{rel}","templated":true}]}}