{"id":154,"date":"2023-08-21T22:22:06","date_gmt":"2023-08-21T19:22:06","guid":{"rendered":"https:\/\/dunyadiliturkce2024.harran.edu.tr\/?page_id=154"},"modified":"2024-05-15T16:45:08","modified_gmt":"2024-05-15T13:45:08","slug":"city","status":"publish","type":"page","link":"https:\/\/dunyadiliturkce2024.harran.edu.tr\/index.php\/location\/city\/","title":{"rendered":"\u015eANLIURFA \u015eEHR\u0130"},"content":{"rendered":"\n<figure class=\"wp-block-gallery has-nested-images columns-default is-cropped wp-block-gallery-1 is-layout-flex wp-block-gallery-is-layout-flex\">\n<figure class=\"wp-block-image size-large\"><img fetchpriority=\"high\" decoding=\"async\" width=\"602\" height=\"401\" data-id=\"243\" src=\"https:\/\/dunyadiliturkce2024.harran.edu.tr\/wp-content\/uploads\/2023\/08\/urfa5.jpg\" alt=\"\" class=\"wp-image-243\"\/><\/figure>\n\n\n\n<figure class=\"wp-block-image size-large\"><img decoding=\"async\" width=\"430\" height=\"243\" data-id=\"245\" src=\"https:\/\/dunyadiliturkce2024.harran.edu.tr\/wp-content\/uploads\/2023\/08\/urfa4.jpg\" alt=\"\" class=\"wp-image-245\"\/><\/figure>\n\n\n\n<figure class=\"wp-block-image size-large\"><img decoding=\"async\" width=\"512\" height=\"332\" data-id=\"244\" src=\"https:\/\/dunyadiliturkce2024.harran.edu.tr\/wp-content\/uploads\/2023\/08\/urfa3.jpg\" alt=\"\" class=\"wp-image-244\"\/><\/figure>\n\n\n\n<figure class=\"wp-block-image size-large\"><img loading=\"lazy\" decoding=\"async\" width=\"825\" height=\"600\" data-id=\"246\" src=\"https:\/\/dunyadiliturkce2024.harran.edu.tr\/wp-content\/uploads\/2023\/08\/urfa2.jpg\" alt=\"\" class=\"wp-image-246\"\/><\/figure>\n\n\n\n<figure class=\"wp-block-image size-large\"><img loading=\"lazy\" decoding=\"async\" width=\"3156\" height=\"2104\" data-id=\"247\" src=\"https:\/\/dunyadiliturkce2024.harran.edu.tr\/wp-content\/uploads\/2023\/08\/urfa1.jpg\" alt=\"\" class=\"wp-image-247\"\/><\/figure>\n<\/figure>\n\n\n\n<p><a href=\"https:\/\/sanliurfa.ktb.gov.tr\/TR-219200\/sanliurfa-tanitim-videosu.html\">\u015eANLIURFA TANITIMI<\/a><\/p>\n","protected":false},"excerpt":{"rendered":"<p>\u015eANLIURFA TANITIMI<\/p>\n","protected":false},"author":1,"featured_media":0,"parent":172,"menu_order":2,"comment_status":"closed","ping_status":"closed","template":"","meta":{"footnotes":""},"class_list":["post-154","page","type-page","status-publish","hentry"],"_links":{"self":[{"href":"https:\/\/dunyadiliturkce2024.harran.edu.tr\/index.php\/wp-json\/wp\/v2\/pages\/154","targetHints":{"allow":["GET"]}}],"collection":[{"href":"https:\/\/dunyadiliturkce2024.harran.edu.tr\/index.php\/wp-json\/wp\/v2\/pages"}],"about":[{"href":"https:\/\/dunyadiliturkce2024.harran.edu.tr\/index.php\/wp-json\/wp\/v2\/types\/page"}],"author":[{"embeddable":true,"href":"https:\/\/dunyadiliturkce2024.harran.edu.tr\/index.php\/wp-json\/wp\/v2\/users\/1"}],"replies":[{"embeddable":true,"href":"https:\/\/dunyadiliturkce2024.harran.edu.tr\/index.php\/wp-json\/wp\/v2\/comments?post=154"}],"version-history":[{"count":8,"href":"https:\/\/dunyadiliturkce2024.harran.edu.tr\/index.php\/wp-json\/wp\/v2\/pages\/154\/revisions"}],"predecessor-version":[{"id":1155,"href":"https:\/\/dunyadiliturkce2024.harran.edu.tr\/index.php\/wp-json\/wp\/v2\/pages\/154\/revisions\/1155"}],"up":[{"embeddable":true,"href":"https:\/\/dunyadiliturkce2024.harran.edu.tr\/index.php\/wp-json\/wp\/v2\/pages\/172"}],"wp:attachment":[{"href":"https:\/\/dunyadiliturkce2024.harran.edu.tr\/index.php\/wp-json\/wp\/v2\/media?parent=154"}],"curies":[{"name":"wp","href":"https:\/\/api.w.org\/{rel}","templated":true}]}}