{"id":152,"date":"2023-08-21T22:21:56","date_gmt":"2023-08-21T19:21:56","guid":{"rendered":"https:\/\/dunyadiliturkce2024.harran.edu.tr\/?page_id=152"},"modified":"2024-05-15T16:41:28","modified_gmt":"2024-05-15T13:41:28","slug":"venue","status":"publish","type":"page","link":"https:\/\/dunyadiliturkce2024.harran.edu.tr\/index.php\/location\/venue\/","title":{"rendered":"KONFERANS YER\u0130"},"content":{"rendered":"<p>HARRAN \u00dcN\u0130VERS\u0130TES\u0130 FEN-EDEB\u0130YAT FAK\u00dcLTES\u0130 AMF\u0130LER\u0130<\/p>\n<style>\/*! elementor - v3.19.0 - 07-02-2024 *\/<br \/>\n.elementor-widget-image{text-align:center}.elementor-widget-image a{display:inline-block}.elementor-widget-image a img[src$=\".svg\"]{width:48px}.elementor-widget-image img{vertical-align:middle;display:inline-block}<\/style>\n<p><a href=\"https:\/\/www.hilton.com\/en\/hotels\/sfqgigi-hilton-garden-inn-sanliurfa\/?SEO_id=GMB-EMEA-GI-SFQGIGI\" target=\"_blank\" rel=\"noopener\"><br \/>\n<\/a><br \/>\n<a href=\"http:\/\/www.harran.edu.tr\" target=\"_blank\" rel=\"noopener\"><br \/>\n<img fetchpriority=\"high\" decoding=\"async\" src=\"https:\/\/dunyadiliturkce2024.harran.edu.tr\/wp-content\/uploads\/2023\/09\/1.jpg\" alt=\"\" width=\"640\" height=\"323\" \/> <\/a><\/p>\n<style>\/*! elementor - v3.19.0 - 07-02-2024 *\/<br \/>\n.elementor-widget-google_maps .elementor-widget-container{overflow:hidden}.elementor-widget-google_maps .elementor-custom-embed{line-height:0}.elementor-widget-google_maps iframe{height:300px}<\/style>\n<p><iframe title=\"harran \u00fcniversitesi osmanbey kamp\u00fcs\u00fc\" src=\"https:\/\/maps.google.com\/maps?q=harran%20%C3%BCniversitesi%20osmanbey%20kamp%C3%BCs%C3%BC&amp;t=m&amp;z=10&amp;output=embed&amp;iwloc=near\" aria-label=\"harran \u00fcniversitesi osmanbey kamp\u00fcs\u00fc\"><\/iframe><\/p>\n","protected":false},"excerpt":{"rendered":"<p>HARRAN \u00dcN\u0130VERS\u0130TES\u0130 FEN-EDEB\u0130YAT FAK\u00dcLTES\u0130 AMF\u0130LER\u0130<\/p>\n","protected":false},"author":1,"featured_media":0,"parent":172,"menu_order":1,"comment_status":"closed","ping_status":"closed","template":"","meta":{"footnotes":""},"class_list":["post-152","page","type-page","status-publish","hentry"],"_links":{"self":[{"href":"https:\/\/dunyadiliturkce2024.harran.edu.tr\/index.php\/wp-json\/wp\/v2\/pages\/152","targetHints":{"allow":["GET"]}}],"collection":[{"href":"https:\/\/dunyadiliturkce2024.harran.edu.tr\/index.php\/wp-json\/wp\/v2\/pages"}],"about":[{"href":"https:\/\/dunyadiliturkce2024.harran.edu.tr\/index.php\/wp-json\/wp\/v2\/types\/page"}],"author":[{"embeddable":true,"href":"https:\/\/dunyadiliturkce2024.harran.edu.tr\/index.php\/wp-json\/wp\/v2\/users\/1"}],"replies":[{"embeddable":true,"href":"https:\/\/dunyadiliturkce2024.harran.edu.tr\/index.php\/wp-json\/wp\/v2\/comments?post=152"}],"version-history":[{"count":52,"href":"https:\/\/dunyadiliturkce2024.harran.edu.tr\/index.php\/wp-json\/wp\/v2\/pages\/152\/revisions"}],"predecessor-version":[{"id":1153,"href":"https:\/\/dunyadiliturkce2024.harran.edu.tr\/index.php\/wp-json\/wp\/v2\/pages\/152\/revisions\/1153"}],"up":[{"embeddable":true,"href":"https:\/\/dunyadiliturkce2024.harran.edu.tr\/index.php\/wp-json\/wp\/v2\/pages\/172"}],"wp:attachment":[{"href":"https:\/\/dunyadiliturkce2024.harran.edu.tr\/index.php\/wp-json\/wp\/v2\/media?parent=152"}],"curies":[{"name":"wp","href":"https:\/\/api.w.org\/{rel}","templated":true}]}}