{"id":150,"date":"2023-08-21T22:20:27","date_gmt":"2023-08-21T19:20:27","guid":{"rendered":"https:\/\/dunyadiliturkce2024.harran.edu.tr\/?page_id=150"},"modified":"2024-09-17T13:47:38","modified_gmt":"2024-09-17T10:47:38","slug":"sponsors","status":"publish","type":"page","link":"https:\/\/dunyadiliturkce2024.harran.edu.tr\/index.php\/committee\/sponsors\/","title":{"rendered":"SEKRETERYA"},"content":{"rendered":"\n<div class=\"wp-block-columns is-layout-flex wp-container-core-columns-is-layout-9d6595d7 wp-block-columns-is-layout-flex\">\n<div class=\"wp-block-column is-layout-flow wp-block-column-is-layout-flow\" style=\"flex-basis:100%\">\n<p>Ar\u015f. G\u00f6r. B\u00fc\u015fra KAYA (Harran \u00dcniversitesi\/Fen-Edebiyat Fak\u00fcltesi\/T\u00fcrk Dili ve Edebiyat\u0131 B\u00f6l\u00fcm\u00fc)<\/p>\n\n\n\n<p>Murat KARTAL (Harran \u00dcniversitesi\/T\u00fcrk Dili ve Edebiyat\u0131 B\u00f6l\u00fcm\u00fc)<\/p>\n\n\n\n<p>\u0130leti\u015fim: dunyadiliturkce@harran.edu.tr<\/p>\n<\/div>\n<\/div>\n","protected":false},"excerpt":{"rendered":"<p>Ar\u015f. G\u00f6r. B\u00fc\u015fra KAYA (Harran \u00dcniversitesi\/Fen-Edebiyat Fak\u00fcltesi\/T\u00fcrk Dili ve Edebiyat\u0131 B\u00f6l\u00fcm\u00fc) Murat KARTAL (Harran \u00dcniversitesi\/T\u00fcrk Dili ve Edebiyat\u0131 B\u00f6l\u00fcm\u00fc) \u0130leti\u015fim: dunyadiliturkce@harran.edu.tr<\/p>\n","protected":false},"author":1,"featured_media":0,"parent":170,"menu_order":3,"comment_status":"closed","ping_status":"closed","template":"","meta":{"footnotes":""},"class_list":["post-150","page","type-page","status-publish","hentry"],"_links":{"self":[{"href":"https:\/\/dunyadiliturkce2024.harran.edu.tr\/index.php\/wp-json\/wp\/v2\/pages\/150","targetHints":{"allow":["GET"]}}],"collection":[{"href":"https:\/\/dunyadiliturkce2024.harran.edu.tr\/index.php\/wp-json\/wp\/v2\/pages"}],"about":[{"href":"https:\/\/dunyadiliturkce2024.harran.edu.tr\/index.php\/wp-json\/wp\/v2\/types\/page"}],"author":[{"embeddable":true,"href":"https:\/\/dunyadiliturkce2024.harran.edu.tr\/index.php\/wp-json\/wp\/v2\/users\/1"}],"replies":[{"embeddable":true,"href":"https:\/\/dunyadiliturkce2024.harran.edu.tr\/index.php\/wp-json\/wp\/v2\/comments?post=150"}],"version-history":[{"count":82,"href":"https:\/\/dunyadiliturkce2024.harran.edu.tr\/index.php\/wp-json\/wp\/v2\/pages\/150\/revisions"}],"predecessor-version":[{"id":1312,"href":"https:\/\/dunyadiliturkce2024.harran.edu.tr\/index.php\/wp-json\/wp\/v2\/pages\/150\/revisions\/1312"}],"up":[{"embeddable":true,"href":"https:\/\/dunyadiliturkce2024.harran.edu.tr\/index.php\/wp-json\/wp\/v2\/pages\/170"}],"wp:attachment":[{"href":"https:\/\/dunyadiliturkce2024.harran.edu.tr\/index.php\/wp-json\/wp\/v2\/media?parent=150"}],"curies":[{"name":"wp","href":"https:\/\/api.w.org\/{rel}","templated":true}]}}