{"id":146,"date":"2023-08-21T22:18:10","date_gmt":"2023-08-21T19:18:10","guid":{"rendered":"https:\/\/dunyadiliturkce2024.harran.edu.tr\/?page_id=146"},"modified":"2024-10-10T12:16:28","modified_gmt":"2024-10-10T09:16:28","slug":"organising-committee","status":"publish","type":"page","link":"https:\/\/dunyadiliturkce2024.harran.edu.tr\/index.php\/committee\/organising-committee\/","title":{"rendered":"D\u00dcZENLEME KURULU"},"content":{"rendered":"\n<div class=\"wp-block-media-text alignwide is-stacked-on-mobile\" style=\"grid-template-columns:25% auto\"><figure class=\"wp-block-media-text__media\"><img fetchpriority=\"high\" decoding=\"async\" width=\"942\" height=\"1024\" src=\"https:\/\/dunyadiliturkce2024.harran.edu.tr\/wp-content\/uploads\/2024\/05\/WhatsApp-Image-2024-05-12-at-22.49.43-942x1024.jpeg\" alt=\"\" class=\"wp-image-1081 size-full\" srcset=\"https:\/\/dunyadiliturkce2024.harran.edu.tr\/wp-content\/uploads\/2024\/05\/WhatsApp-Image-2024-05-12-at-22.49.43-942x1024.jpeg 942w, https:\/\/dunyadiliturkce2024.harran.edu.tr\/wp-content\/uploads\/2024\/05\/WhatsApp-Image-2024-05-12-at-22.49.43-276x300.jpeg 276w, https:\/\/dunyadiliturkce2024.harran.edu.tr\/wp-content\/uploads\/2024\/05\/WhatsApp-Image-2024-05-12-at-22.49.43-768x835.jpeg 768w, https:\/\/dunyadiliturkce2024.harran.edu.tr\/wp-content\/uploads\/2024\/05\/WhatsApp-Image-2024-05-12-at-22.49.43.jpeg 1223w\" sizes=\"(max-width: 942px) 100vw, 942px\" \/><\/figure><div class=\"wp-block-media-text__content\">\n<p><strong>Ba\u015fkan:<\/strong> <strong>Do\u00e7. Dr. Ahmet Turan DO\u011eAN<\/strong> (HR\u00dc Fen-Edebiyat Fak\u00fcltesi \/ T\u00fcrk Dili ve Edebiyat\u0131 B\u00f6l\u00fcm\u00fc)<\/p>\n\n\n\n<p><a href=\"mailto:ahmetdogan@harran.edu.tr\"><em>ahmetdogan@harran.edu.tr<\/em><\/a><\/p>\n<\/div><\/div>\n\n\n\n<hr class=\"wp-block-separator has-alpha-channel-opacity\"\/>\n\n\n\n<div class=\"wp-block-media-text alignwide is-stacked-on-mobile is-vertically-aligned-center\" style=\"grid-template-columns:25% auto\"><figure class=\"wp-block-media-text__media\"><img decoding=\"async\" width=\"768\" height=\"1024\" src=\"https:\/\/dunyadiliturkce2024.harran.edu.tr\/wp-content\/uploads\/2024\/05\/WhatsApp_Image_2024-01-24_at_19.26.31-768x1024.jpeg\" alt=\"\" class=\"wp-image-1086 size-full\" srcset=\"https:\/\/dunyadiliturkce2024.harran.edu.tr\/wp-content\/uploads\/2024\/05\/WhatsApp_Image_2024-01-24_at_19.26.31-768x1024.jpeg 768w, https:\/\/dunyadiliturkce2024.harran.edu.tr\/wp-content\/uploads\/2024\/05\/WhatsApp_Image_2024-01-24_at_19.26.31-225x300.jpeg 225w, https:\/\/dunyadiliturkce2024.harran.edu.tr\/wp-content\/uploads\/2024\/05\/WhatsApp_Image_2024-01-24_at_19.26.31-1152x1536.jpeg 1152w, https:\/\/dunyadiliturkce2024.harran.edu.tr\/wp-content\/uploads\/2024\/05\/WhatsApp_Image_2024-01-24_at_19.26.31.jpeg 1536w\" sizes=\"(max-width: 768px) 100vw, 768px\" \/><\/figure><div class=\"wp-block-media-text__content\">\n<p><strong>Ba\u015fkan :<\/strong> <strong>Do\u00e7. Dr. Osman T\u00dcRK<\/strong> (HR\u00dc Fen-Edebiyat Fak\u00fcltesi \/ T\u00fcrk Dili ve Edebiyat\u0131 B\u00f6l\u00fcm\u00fc)<\/p>\n\n\n\n<p><em><a href=\"mailto:osmanturkgau@harran.edu.tr\">osmanturk@harran.edu.tr<\/a><\/em><\/p>\n<\/div><\/div>\n\n\n\n<hr class=\"wp-block-separator has-alpha-channel-opacity\"\/>\n\n\n\n<div class=\"wp-block-media-text alignwide is-stacked-on-mobile is-vertically-aligned-center\" style=\"grid-template-columns:25% auto\"><figure class=\"wp-block-media-text__media\"><img decoding=\"async\" width=\"200\" height=\"200\" src=\"https:\/\/dunyadiliturkce2024.harran.edu.tr\/wp-content\/uploads\/2024\/09\/6479dfa4477a8.jpg\" alt=\"\" class=\"wp-image-1308 size-full\" srcset=\"https:\/\/dunyadiliturkce2024.harran.edu.tr\/wp-content\/uploads\/2024\/09\/6479dfa4477a8.jpg 200w, https:\/\/dunyadiliturkce2024.harran.edu.tr\/wp-content\/uploads\/2024\/09\/6479dfa4477a8-150x150.jpg 150w\" sizes=\"(max-width: 200px) 100vw, 200px\" \/><\/figure><div class=\"wp-block-media-text__content\">\n<p><strong>\u00dcye :<\/strong> <strong>Prof. Dr. Halit KARATAY<\/strong> (Bolu Abant \u0130zzet Baysal \u00dcniversitesi E\u011fitim Fak\u00fcltesi \/ T\u00fcrk\u00e7e ve Sosyal Bilgiler E\u011fitimi B\u00f6l\u00fcm\u00fc &#8211; T\u00fcrk\u00e7e E\u011fitimi Ana Bilim Dal\u0131)<\/p>\n\n\n\n<p><em>&nbsp;<a href=\"mailto:ebektas@harran.edu.tr\">ehalitkaratay@gmail.com<\/a><\/em><\/p>\n<\/div><\/div>\n\n\n\n<hr class=\"wp-block-separator has-alpha-channel-opacity\"\/>\n\n\n\n<hr class=\"wp-block-separator has-alpha-channel-opacity\"\/>\n\n\n\n<p><\/p>\n","protected":false},"excerpt":{"rendered":"<p>Ba\u015fkan: Do\u00e7. Dr. Ahmet Turan DO\u011eAN (HR\u00dc Fen-Edebiyat Fak\u00fcltesi \/ T\u00fcrk Dili ve Edebiyat\u0131 B\u00f6l\u00fcm\u00fc) ahmetdogan@harran.edu.tr Ba\u015fkan : Do\u00e7. Dr. Osman T\u00dcRK (HR\u00dc Fen-Edebiyat Fak\u00fcltesi \/ T\u00fcrk Dili ve Edebiyat\u0131 B\u00f6l\u00fcm\u00fc) osmanturk@harran.edu.tr \u00dcye : Prof. Dr. Halit KARATAY (Bolu Abant \u0130zzet Baysal \u00dcniversitesi E\u011fitim Fak\u00fcltesi \/ T\u00fcrk\u00e7e ve Sosyal Bilgiler E\u011fitimi B\u00f6l\u00fcm\u00fc &#8211; T\u00fcrk\u00e7e E\u011fitimi &hellip; <\/p>\n","protected":false},"author":1,"featured_media":0,"parent":170,"menu_order":2,"comment_status":"closed","ping_status":"closed","template":"","meta":{"footnotes":""},"class_list":["post-146","page","type-page","status-publish","hentry"],"_links":{"self":[{"href":"https:\/\/dunyadiliturkce2024.harran.edu.tr\/index.php\/wp-json\/wp\/v2\/pages\/146","targetHints":{"allow":["GET"]}}],"collection":[{"href":"https:\/\/dunyadiliturkce2024.harran.edu.tr\/index.php\/wp-json\/wp\/v2\/pages"}],"about":[{"href":"https:\/\/dunyadiliturkce2024.harran.edu.tr\/index.php\/wp-json\/wp\/v2\/types\/page"}],"author":[{"embeddable":true,"href":"https:\/\/dunyadiliturkce2024.harran.edu.tr\/index.php\/wp-json\/wp\/v2\/users\/1"}],"replies":[{"embeddable":true,"href":"https:\/\/dunyadiliturkce2024.harran.edu.tr\/index.php\/wp-json\/wp\/v2\/comments?post=146"}],"version-history":[{"count":66,"href":"https:\/\/dunyadiliturkce2024.harran.edu.tr\/index.php\/wp-json\/wp\/v2\/pages\/146\/revisions"}],"predecessor-version":[{"id":1379,"href":"https:\/\/dunyadiliturkce2024.harran.edu.tr\/index.php\/wp-json\/wp\/v2\/pages\/146\/revisions\/1379"}],"up":[{"embeddable":true,"href":"https:\/\/dunyadiliturkce2024.harran.edu.tr\/index.php\/wp-json\/wp\/v2\/pages\/170"}],"wp:attachment":[{"href":"https:\/\/dunyadiliturkce2024.harran.edu.tr\/index.php\/wp-json\/wp\/v2\/media?parent=146"}],"curies":[{"name":"wp","href":"https:\/\/api.w.org\/{rel}","templated":true}]}}