{"id":144,"date":"2023-08-21T22:17:25","date_gmt":"2023-08-21T19:17:25","guid":{"rendered":"https:\/\/dunyadiliturkce2024.harran.edu.tr\/?page_id=144"},"modified":"2024-09-14T15:54:06","modified_gmt":"2024-09-14T12:54:06","slug":"message-from-the-chairman","status":"publish","type":"page","link":"https:\/\/dunyadiliturkce2024.harran.edu.tr\/index.php\/committee\/message-from-the-chairman\/","title":{"rendered":"ONUR KURULU"},"content":{"rendered":"\n<div class=\"wp-block-columns is-layout-flex wp-container-core-columns-is-layout-9d6595d7 wp-block-columns-is-layout-flex\">\n<div class=\"wp-block-column is-layout-flow wp-block-column-is-layout-flow\" style=\"flex-basis:100%\">\n<div class=\"wp-block-group is-vertical is-layout-flex wp-container-core-group-is-layout-8cf370e7 wp-block-group-is-layout-flex\">\n<div class=\"wp-block-media-text is-stacked-on-mobile\" style=\"grid-template-columns:35% auto\"><figure class=\"wp-block-media-text__media\"><img fetchpriority=\"high\" decoding=\"async\" width=\"1024\" height=\"656\" src=\"https:\/\/dunyadiliturkce2024.harran.edu.tr\/wp-content\/uploads\/2024\/06\/celile_eren_okten-1024x656.jpg\" alt=\"\" class=\"wp-image-1209 size-full\" srcset=\"https:\/\/dunyadiliturkce2024.harran.edu.tr\/wp-content\/uploads\/2024\/06\/celile_eren_okten-1024x656.jpg 1024w, https:\/\/dunyadiliturkce2024.harran.edu.tr\/wp-content\/uploads\/2024\/06\/celile_eren_okten-300x192.jpg 300w, https:\/\/dunyadiliturkce2024.harran.edu.tr\/wp-content\/uploads\/2024\/06\/celile_eren_okten-768x492.jpg 768w, https:\/\/dunyadiliturkce2024.harran.edu.tr\/wp-content\/uploads\/2024\/06\/celile_eren_okten-1536x984.jpg 1536w, https:\/\/dunyadiliturkce2024.harran.edu.tr\/wp-content\/uploads\/2024\/06\/celile_eren_okten.jpg 1599w\" sizes=\"(max-width: 1024px) 100vw, 1024px\" \/><\/figure><div class=\"wp-block-media-text__content\">\n<p><strong>Do\u00e7. Dr. Celile Eren \u00d6KTEN<\/strong>                                            (Mill\u00ee E\u011fitim Bakan Yard\u0131mc\u0131s\u0131)<\/p>\n<\/div><\/div>\n<\/div>\n<\/div>\n<\/div>\n\n\n\n<div class=\"wp-block-columns is-layout-flex wp-container-core-columns-is-layout-9d6595d7 wp-block-columns-is-layout-flex\">\n<div class=\"wp-block-column is-layout-flow wp-block-column-is-layout-flow\" style=\"flex-basis:100%\">\n<div class=\"wp-block-group\"><div class=\"wp-block-group__inner-container is-layout-constrained wp-block-group-is-layout-constrained\">\n<div class=\"wp-block-media-text is-stacked-on-mobile is-vertically-aligned-center\" style=\"grid-template-columns:35% auto\"><figure class=\"wp-block-media-text__media\"><img decoding=\"async\" width=\"600\" height=\"900\" src=\"https:\/\/dunyadiliturkce2024.harran.edu.tr\/wp-content\/uploads\/2024\/09\/Vali-Hasan-sildak_website-2024_01-1.jpg\" alt=\"\" class=\"wp-image-1293 size-full\" srcset=\"https:\/\/dunyadiliturkce2024.harran.edu.tr\/wp-content\/uploads\/2024\/09\/Vali-Hasan-sildak_website-2024_01-1.jpg 600w, https:\/\/dunyadiliturkce2024.harran.edu.tr\/wp-content\/uploads\/2024\/09\/Vali-Hasan-sildak_website-2024_01-1-200x300.jpg 200w\" sizes=\"(max-width: 600px) 100vw, 600px\" \/><\/figure><div class=\"wp-block-media-text__content\">\n<p><strong>Hasan \u015eILDAK<\/strong>\u00a0                                                                        (\u015eanl\u0131urfa Valisi)<\/p>\n<\/div><\/div>\n<\/div><\/div>\n<\/div>\n<\/div>\n\n\n\n<div class=\"wp-block-columns is-layout-flex wp-container-core-columns-is-layout-9d6595d7 wp-block-columns-is-layout-flex\">\n<div class=\"wp-block-column is-layout-flow wp-block-column-is-layout-flow\" style=\"flex-basis:100%\">\n<div class=\"wp-block-group\"><div class=\"wp-block-group__inner-container is-layout-constrained wp-block-group-is-layout-constrained\">\n<div class=\"wp-block-media-text is-stacked-on-mobile\" style=\"grid-template-columns:35% auto\"><figure class=\"wp-block-media-text__media\"><img decoding=\"async\" width=\"897\" height=\"1024\" src=\"https:\/\/dunyadiliturkce2024.harran.edu.tr\/wp-content\/uploads\/2024\/05\/b694d427-9c63-47a5-9aeb-b139d06bb2e1-897x1024.jpg\" alt=\"\" class=\"wp-image-1116 size-full\" srcset=\"https:\/\/dunyadiliturkce2024.harran.edu.tr\/wp-content\/uploads\/2024\/05\/b694d427-9c63-47a5-9aeb-b139d06bb2e1-897x1024.jpg 897w, https:\/\/dunyadiliturkce2024.harran.edu.tr\/wp-content\/uploads\/2024\/05\/b694d427-9c63-47a5-9aeb-b139d06bb2e1-263x300.jpg 263w, https:\/\/dunyadiliturkce2024.harran.edu.tr\/wp-content\/uploads\/2024\/05\/b694d427-9c63-47a5-9aeb-b139d06bb2e1-768x877.jpg 768w, https:\/\/dunyadiliturkce2024.harran.edu.tr\/wp-content\/uploads\/2024\/05\/b694d427-9c63-47a5-9aeb-b139d06bb2e1.jpg 940w\" sizes=\"(max-width: 897px) 100vw, 897px\" \/><\/figure><div class=\"wp-block-media-text__content\">\n<p><strong>Prof. Dr. Mehmet Tahir G\u00dcLL\u00dcO\u011eLU<\/strong>                                (Harran \u00dcniversitesi Rekt\u00f6r\u00fc)<\/p>\n<\/div><\/div>\n<\/div><\/div>\n<\/div>\n<\/div>\n\n\n\n<hr class=\"wp-block-separator has-alpha-channel-opacity\"\/>\n\n\n\n<p><\/p>\n\n\n\n<div class=\"wp-block-columns is-layout-flex wp-container-core-columns-is-layout-9d6595d7 wp-block-columns-is-layout-flex\">\n<div class=\"wp-block-column is-layout-flow wp-block-column-is-layout-flow\"><\/div>\n<\/div>\n","protected":false},"excerpt":{"rendered":"<p>Do\u00e7. Dr. Celile Eren \u00d6KTEN (Mill\u00ee E\u011fitim Bakan Yard\u0131mc\u0131s\u0131) Hasan \u015eILDAK\u00a0 (\u015eanl\u0131urfa Valisi) Prof. Dr. Mehmet Tahir G\u00dcLL\u00dcO\u011eLU (Harran \u00dcniversitesi Rekt\u00f6r\u00fc)<\/p>\n","protected":false},"author":1,"featured_media":0,"parent":170,"menu_order":1,"comment_status":"closed","ping_status":"closed","template":"","meta":{"footnotes":""},"class_list":["post-144","page","type-page","status-publish","hentry"],"_links":{"self":[{"href":"https:\/\/dunyadiliturkce2024.harran.edu.tr\/index.php\/wp-json\/wp\/v2\/pages\/144","targetHints":{"allow":["GET"]}}],"collection":[{"href":"https:\/\/dunyadiliturkce2024.harran.edu.tr\/index.php\/wp-json\/wp\/v2\/pages"}],"about":[{"href":"https:\/\/dunyadiliturkce2024.harran.edu.tr\/index.php\/wp-json\/wp\/v2\/types\/page"}],"author":[{"embeddable":true,"href":"https:\/\/dunyadiliturkce2024.harran.edu.tr\/index.php\/wp-json\/wp\/v2\/users\/1"}],"replies":[{"embeddable":true,"href":"https:\/\/dunyadiliturkce2024.harran.edu.tr\/index.php\/wp-json\/wp\/v2\/comments?post=144"}],"version-history":[{"count":33,"href":"https:\/\/dunyadiliturkce2024.harran.edu.tr\/index.php\/wp-json\/wp\/v2\/pages\/144\/revisions"}],"predecessor-version":[{"id":1300,"href":"https:\/\/dunyadiliturkce2024.harran.edu.tr\/index.php\/wp-json\/wp\/v2\/pages\/144\/revisions\/1300"}],"up":[{"embeddable":true,"href":"https:\/\/dunyadiliturkce2024.harran.edu.tr\/index.php\/wp-json\/wp\/v2\/pages\/170"}],"wp:attachment":[{"href":"https:\/\/dunyadiliturkce2024.harran.edu.tr\/index.php\/wp-json\/wp\/v2\/media?parent=144"}],"curies":[{"name":"wp","href":"https:\/\/api.w.org\/{rel}","templated":true}]}}