{"id":142,"date":"2023-08-21T22:16:53","date_gmt":"2023-08-21T19:16:53","guid":{"rendered":"https:\/\/dunyadiliturkce2024.harran.edu.tr\/?page_id=142"},"modified":"2024-06-13T23:58:54","modified_gmt":"2024-06-13T20:58:54","slug":"topics","status":"publish","type":"page","link":"https:\/\/dunyadiliturkce2024.harran.edu.tr\/index.php\/topics\/","title":{"rendered":"KONULAR"},"content":{"rendered":"\n<p>A\u015fa\u011f\u0131daki konu ba\u015fl\u0131klar\u0131 \u00e7er\u00e7evesinde ge\u00e7mi\u015ften g\u00fcn\u00fcm\u00fcze ve gelece\u011fe y\u00f6nelik olan T\u00fcrk Dili\/T\u00fcrk\u00e7e merkezli t\u00fcm konulardaki \u00e7al\u0131\u015fmalar\u0131n\u0131z sempozyumumuza g\u00f6nderilebilir.<\/p>\n\n\n\n<ul class=\"wp-block-list\">\n<li>A\u011f\u0131z Ara\u015ft\u0131rmalar\u0131<\/li>\n\n\n\n<li>Bas\u0131n-Yay\u0131n ve T\u00fcrk\u00e7e<\/li>\n\n\n\n<li>\u00c7a\u011fda\u015f T\u00fcrk Leh\u00e7eleri<\/li>\n\n\n\n<li>Dil \u0130li\u015fkileri Ba\u011flam\u0131nda T\u00fcrk Dili<\/li>\n\n\n\n<li>Dil \u00d6\u011fretimi<\/li>\n\n\n\n<li>Dil Politikalar\u0131<\/li>\n\n\n\n<li>Dilbilimi<\/li>\n\n\n\n<li>Dil ve Edebiyat \u0130li\u015fkisi<\/li>\n\n\n\n<li>Diplomasi Dili Olarak T\u00fcrk\u00e7e<\/li>\n\n\n\n<li>D\u00fcnya Dilleri \u0130\u00e7inde T\u00fcrk Dili<\/li>\n\n\n\n<li>D\u00fcnyada T\u00fcrkoloji Merkezleri ve \u00c7al\u0131\u015fmalar\u0131<\/li>\n\n\n\n<li>Hukuk Dili Olarak T\u00fcrk\u00e7e<\/li>\n\n\n\n<li>\u0130ki Dillilik<\/li>\n\n\n\n<li>\u0130\u015faret Dili ve T\u00fcrk\u00e7e<\/li>\n\n\n\n<li>K\u00f6ken Bilgisi Ara\u015ft\u0131rmalar\u0131<\/li>\n\n\n\n<li>Kutadgu Bilig ve \u0130lk \u0130slami Metinler<\/li>\n\n\n\n<li>K\u00fclt\u00fcrel Diplomasi ve T\u00fcrk\u00e7e<\/li>\n\n\n\n<li>K\u00fclt\u00fcrel Miras Aktar\u0131m\u0131 ve T\u00fcrk\u00e7e<\/li>\n\n\n\n<li>M\u00fczik ve T\u00fcrk\u00e7e<\/li>\n\n\n\n<li>S\u00f6zs\u00fcz \u0130leti\u015fim<\/li>\n\n\n\n<li>Tarih\u00ee T\u00fcrk Leh\u00e7eleri<\/li>\n\n\n\n<li>T\u00fcrk Dili Ara\u015ft\u0131rmalar\u0131nda Y\u00f6ntem<\/li>\n\n\n\n<li>T\u00fcrk Dili Tarihi<\/li>\n\n\n\n<li>T\u00fcrk Dili ve Edebiyat\u0131 \u00d6\u011fretimi<\/li>\n\n\n\n<li>T\u00fcrk Dilinin S\u00f6z Varl\u0131\u011f\u0131<\/li>\n\n\n\n<li>T\u00fcrk Dilinin Tarih\u00ee ve \u00c7a\u011fda\u015f Grameri<\/li>\n\n\n\n<li>T\u00fcrk Yaz\u0131 Sistemleri<\/li>\n\n\n\n<li>T\u00fcrk\u00e7enin \u00d6\u011fretimi<\/li>\n\n\n\n<li>T\u00fcrkiye T\u00fcrk\u00e7esi<\/li>\n\n\n\n<li>T\u00fcrk\u00e7enin Dil Bilgisi<\/li>\n\n\n\n<li>Yabanc\u0131 Dil Olarak T\u00fcrk\u00e7enin \u00d6\u011fretimi<\/li>\n<\/ul>\n\n\n\n<div class=\"wp-block-group is-vertical is-content-justification-center is-layout-flex wp-container-core-group-is-layout-4b2eccd6 wp-block-group-is-layout-flex\"><\/div>\n","protected":false},"excerpt":{"rendered":"<p>A\u015fa\u011f\u0131daki konu ba\u015fl\u0131klar\u0131 \u00e7er\u00e7evesinde ge\u00e7mi\u015ften g\u00fcn\u00fcm\u00fcze ve gelece\u011fe y\u00f6nelik olan T\u00fcrk Dili\/T\u00fcrk\u00e7e merkezli t\u00fcm konulardaki \u00e7al\u0131\u015fmalar\u0131n\u0131z sempozyumumuza g\u00f6nderilebilir.<\/p>\n","protected":false},"author":1,"featured_media":0,"parent":0,"menu_order":0,"comment_status":"closed","ping_status":"closed","template":"","meta":{"footnotes":""},"class_list":["post-142","page","type-page","status-publish","hentry"],"_links":{"self":[{"href":"https:\/\/dunyadiliturkce2024.harran.edu.tr\/index.php\/wp-json\/wp\/v2\/pages\/142","targetHints":{"allow":["GET"]}}],"collection":[{"href":"https:\/\/dunyadiliturkce2024.harran.edu.tr\/index.php\/wp-json\/wp\/v2\/pages"}],"about":[{"href":"https:\/\/dunyadiliturkce2024.harran.edu.tr\/index.php\/wp-json\/wp\/v2\/types\/page"}],"author":[{"embeddable":true,"href":"https:\/\/dunyadiliturkce2024.harran.edu.tr\/index.php\/wp-json\/wp\/v2\/users\/1"}],"replies":[{"embeddable":true,"href":"https:\/\/dunyadiliturkce2024.harran.edu.tr\/index.php\/wp-json\/wp\/v2\/comments?post=142"}],"version-history":[{"count":9,"href":"https:\/\/dunyadiliturkce2024.harran.edu.tr\/index.php\/wp-json\/wp\/v2\/pages\/142\/revisions"}],"predecessor-version":[{"id":1254,"href":"https:\/\/dunyadiliturkce2024.harran.edu.tr\/index.php\/wp-json\/wp\/v2\/pages\/142\/revisions\/1254"}],"wp:attachment":[{"href":"https:\/\/dunyadiliturkce2024.harran.edu.tr\/index.php\/wp-json\/wp\/v2\/media?parent=142"}],"curies":[{"name":"wp","href":"https:\/\/api.w.org\/{rel}","templated":true}]}}