{"id":126,"date":"2023-08-21T22:01:28","date_gmt":"2023-08-21T19:01:28","guid":{"rendered":"https:\/\/dunyadiliturkce2024.harran.edu.tr\/?page_id=126"},"modified":"2024-10-06T23:11:35","modified_gmt":"2024-10-06T20:11:35","slug":"important-dates","status":"publish","type":"page","link":"https:\/\/dunyadiliturkce2024.harran.edu.tr\/index.php\/important-dates\/","title":{"rendered":"\u00d6NEML\u0130 TAR\u0130HLER"},"content":{"rendered":"\n<div class=\"wp-block-group\"><div class=\"wp-block-group__inner-container is-layout-constrained wp-block-group-is-layout-constrained\">\n<div class=\"wp-block-columns is-layout-flex wp-container-core-columns-is-layout-9d6595d7 wp-block-columns-is-layout-flex\">\n<div class=\"wp-block-column is-layout-flow wp-block-column-is-layout-flow\" style=\"flex-basis:100%\">\n<figure class=\"wp-block-table is-style-stripes\"><table><tbody><tr><td><strong>Bildiri \u00d6zet Metni G\u00f6nderim Son Tarihi<\/strong><\/td><td>10.09.2024<\/td><\/tr><tr><td><strong>Kabul Edilen Bildirilerin \u0130lan Tarihi<\/strong><\/td><td>17.09.2024<\/td><\/tr><tr><td><strong>Kay\u0131t \u00dccreti \u00d6deme Tarihi<\/strong><\/td><td>18.09.2024-30.09.2024<\/td><\/tr><tr><td><strong>Sempozyum Program\u0131n\u0131n \u0130lan Tarihi<\/strong><\/td><td>10.10.2024<\/td><\/tr><tr><td><strong>Sempozyum Tarihi<\/strong><\/td><td>24-26 Ekim 2024<\/td><\/tr><tr><td><strong>Tam Metinlerin Son G\u00f6nderim Tarihi<\/strong><\/td><td>05.11.2024<\/td><\/tr><\/tbody><\/table><\/figure>\n<\/div>\n<\/div>\n<\/div><\/div>\n","protected":false},"excerpt":{"rendered":"<p>Bildiri \u00d6zet Metni G\u00f6nderim Son Tarihi 10.09.2024 Kabul Edilen Bildirilerin \u0130lan Tarihi 17.09.2024 Kay\u0131t \u00dccreti \u00d6deme Tarihi 18.09.2024-30.09.2024 Sempozyum Program\u0131n\u0131n \u0130lan Tarihi 10.10.2024 Sempozyum Tarihi 24-26 Ekim 2024 Tam Metinlerin Son G\u00f6nderim Tarihi 05.11.2024<\/p>\n","protected":false},"author":1,"featured_media":0,"parent":0,"menu_order":0,"comment_status":"closed","ping_status":"closed","template":"","meta":{"footnotes":""},"class_list":["post-126","page","type-page","status-publish","hentry"],"_links":{"self":[{"href":"https:\/\/dunyadiliturkce2024.harran.edu.tr\/index.php\/wp-json\/wp\/v2\/pages\/126","targetHints":{"allow":["GET"]}}],"collection":[{"href":"https:\/\/dunyadiliturkce2024.harran.edu.tr\/index.php\/wp-json\/wp\/v2\/pages"}],"about":[{"href":"https:\/\/dunyadiliturkce2024.harran.edu.tr\/index.php\/wp-json\/wp\/v2\/types\/page"}],"author":[{"embeddable":true,"href":"https:\/\/dunyadiliturkce2024.harran.edu.tr\/index.php\/wp-json\/wp\/v2\/users\/1"}],"replies":[{"embeddable":true,"href":"https:\/\/dunyadiliturkce2024.harran.edu.tr\/index.php\/wp-json\/wp\/v2\/comments?post=126"}],"version-history":[{"count":14,"href":"https:\/\/dunyadiliturkce2024.harran.edu.tr\/index.php\/wp-json\/wp\/v2\/pages\/126\/revisions"}],"predecessor-version":[{"id":1372,"href":"https:\/\/dunyadiliturkce2024.harran.edu.tr\/index.php\/wp-json\/wp\/v2\/pages\/126\/revisions\/1372"}],"wp:attachment":[{"href":"https:\/\/dunyadiliturkce2024.harran.edu.tr\/index.php\/wp-json\/wp\/v2\/media?parent=126"}],"curies":[{"name":"wp","href":"https:\/\/api.w.org\/{rel}","templated":true}]}}