{"id":1230,"date":"2024-06-13T21:06:14","date_gmt":"2024-06-13T18:06:14","guid":{"rendered":"https:\/\/dunyadiliturkce2024.harran.edu.tr\/?page_id=1230"},"modified":"2024-10-25T09:24:23","modified_gmt":"2024-10-25T06:24:23","slug":"program","status":"publish","type":"page","link":"https:\/\/dunyadiliturkce2024.harran.edu.tr\/index.php\/program\/","title":{"rendered":"PROGRAM"},"content":{"rendered":"\n<p>Sempozyum program\u0131 i\u00e7in <a href=\"https:\/\/dunyadiliturkce2024.harran.edu.tr\/wp-content\/uploads\/2024\/10\/Sempozyum-Programi-25.10-1.pdf\" target=\"_blank\" rel=\"noreferrer noopener\">t\u0131klay\u0131n\u0131z<\/a>. <mark style=\"background-color:rgba(0, 0, 0, 0)\" class=\"has-inline-color has-vivid-red-color\">(\u00dcnvan, kurum ve bildiri ba\u015fl\u0131klar\u0131nda de\u011fi\u015fiklik isteyen ara\u015ft\u0131rmac\u0131lar e-posta \u00fczerinden ileti\u015fime ge\u00e7ebilir.)<\/mark><\/p>\n\n\n\n<p><\/p>\n","protected":false},"excerpt":{"rendered":"<p>Sempozyum program\u0131 i\u00e7in t\u0131klay\u0131n\u0131z. (\u00dcnvan, kurum ve bildiri ba\u015fl\u0131klar\u0131nda de\u011fi\u015fiklik isteyen ara\u015ft\u0131rmac\u0131lar e-posta \u00fczerinden ileti\u015fime ge\u00e7ebilir.)<\/p>\n","protected":false},"author":1,"featured_media":0,"parent":0,"menu_order":0,"comment_status":"closed","ping_status":"closed","template":"","meta":{"footnotes":""},"class_list":["post-1230","page","type-page","status-publish","hentry"],"_links":{"self":[{"href":"https:\/\/dunyadiliturkce2024.harran.edu.tr\/index.php\/wp-json\/wp\/v2\/pages\/1230","targetHints":{"allow":["GET"]}}],"collection":[{"href":"https:\/\/dunyadiliturkce2024.harran.edu.tr\/index.php\/wp-json\/wp\/v2\/pages"}],"about":[{"href":"https:\/\/dunyadiliturkce2024.harran.edu.tr\/index.php\/wp-json\/wp\/v2\/types\/page"}],"author":[{"embeddable":true,"href":"https:\/\/dunyadiliturkce2024.harran.edu.tr\/index.php\/wp-json\/wp\/v2\/users\/1"}],"replies":[{"embeddable":true,"href":"https:\/\/dunyadiliturkce2024.harran.edu.tr\/index.php\/wp-json\/wp\/v2\/comments?post=1230"}],"version-history":[{"count":14,"href":"https:\/\/dunyadiliturkce2024.harran.edu.tr\/index.php\/wp-json\/wp\/v2\/pages\/1230\/revisions"}],"predecessor-version":[{"id":1444,"href":"https:\/\/dunyadiliturkce2024.harran.edu.tr\/index.php\/wp-json\/wp\/v2\/pages\/1230\/revisions\/1444"}],"wp:attachment":[{"href":"https:\/\/dunyadiliturkce2024.harran.edu.tr\/index.php\/wp-json\/wp\/v2\/media?parent=1230"}],"curies":[{"name":"wp","href":"https:\/\/api.w.org\/{rel}","templated":true}]}}