{"id":1204,"date":"2024-06-12T12:13:33","date_gmt":"2024-06-12T09:13:33","guid":{"rendered":"https:\/\/dunyadiliturkce2024.harran.edu.tr\/?page_id=1204"},"modified":"2024-06-13T20:17:40","modified_gmt":"2024-06-13T17:17:40","slug":"yabanci-dil-kurulu","status":"publish","type":"page","link":"https:\/\/dunyadiliturkce2024.harran.edu.tr\/index.php\/committee\/yabanci-dil-kurulu\/","title":{"rendered":"YABANCI D\u0130L KURULU"},"content":{"rendered":"\n<figure class=\"wp-block-table is-style-stripes\"><table><tbody><tr><td>Dr. \u00d6\u011fr. \u00dcyesi Fatma \u015eeyma DO\u011eAN (Harran \u00dcniversitesi &#8211; \u0130ngilizce \u00d6\u011fretmenli\u011fi Ana Bilim Dal\u0131)<\/td><\/tr><tr><td>Dr. \u00d6\u011fr. \u00dcyesi Ay\u015fe H\u00fcmeyra S\u00dcZEN (Harran \u00dcniversitesi &#8211; Do\u011fu Dilleri ve Edebiyatlar\u0131 B\u00f6l\u00fcm\u00fc)<\/td><\/tr><tr><td>\u00d6\u011fr. G\u00f6r. Hamit \u00c7\u0130FT\u00c7\u0130 (Harran \u00dcniversitesi &#8211; Yabanc\u0131 Diller Y\u00fcksekokulu &#8211; Frans\u0131zca)<\/td><\/tr><\/tbody><\/table><\/figure>\n","protected":false},"excerpt":{"rendered":"<p>Dr. \u00d6\u011fr. \u00dcyesi Fatma \u015eeyma DO\u011eAN (Harran \u00dcniversitesi &#8211; \u0130ngilizce \u00d6\u011fretmenli\u011fi Ana Bilim Dal\u0131) Dr. \u00d6\u011fr. \u00dcyesi Ay\u015fe H\u00fcmeyra S\u00dcZEN (Harran \u00dcniversitesi &#8211; Do\u011fu Dilleri ve Edebiyatlar\u0131 B\u00f6l\u00fcm\u00fc) \u00d6\u011fr. G\u00f6r. Hamit \u00c7\u0130FT\u00c7\u0130 (Harran \u00dcniversitesi &#8211; Yabanc\u0131 Diller Y\u00fcksekokulu &#8211; Frans\u0131zca)<\/p>\n","protected":false},"author":1,"featured_media":0,"parent":170,"menu_order":6,"comment_status":"closed","ping_status":"closed","template":"","meta":{"footnotes":""},"class_list":["post-1204","page","type-page","status-publish","hentry"],"_links":{"self":[{"href":"https:\/\/dunyadiliturkce2024.harran.edu.tr\/index.php\/wp-json\/wp\/v2\/pages\/1204","targetHints":{"allow":["GET"]}}],"collection":[{"href":"https:\/\/dunyadiliturkce2024.harran.edu.tr\/index.php\/wp-json\/wp\/v2\/pages"}],"about":[{"href":"https:\/\/dunyadiliturkce2024.harran.edu.tr\/index.php\/wp-json\/wp\/v2\/types\/page"}],"author":[{"embeddable":true,"href":"https:\/\/dunyadiliturkce2024.harran.edu.tr\/index.php\/wp-json\/wp\/v2\/users\/1"}],"replies":[{"embeddable":true,"href":"https:\/\/dunyadiliturkce2024.harran.edu.tr\/index.php\/wp-json\/wp\/v2\/comments?post=1204"}],"version-history":[{"count":4,"href":"https:\/\/dunyadiliturkce2024.harran.edu.tr\/index.php\/wp-json\/wp\/v2\/pages\/1204\/revisions"}],"predecessor-version":[{"id":1225,"href":"https:\/\/dunyadiliturkce2024.harran.edu.tr\/index.php\/wp-json\/wp\/v2\/pages\/1204\/revisions\/1225"}],"up":[{"embeddable":true,"href":"https:\/\/dunyadiliturkce2024.harran.edu.tr\/index.php\/wp-json\/wp\/v2\/pages\/170"}],"wp:attachment":[{"href":"https:\/\/dunyadiliturkce2024.harran.edu.tr\/index.php\/wp-json\/wp\/v2\/media?parent=1204"}],"curies":[{"name":"wp","href":"https:\/\/api.w.org\/{rel}","templated":true}]}}