{"id":1188,"date":"2024-05-22T16:04:37","date_gmt":"2024-05-22T13:04:37","guid":{"rendered":"https:\/\/dunyadiliturkce2024.harran.edu.tr\/?page_id=1188"},"modified":"2025-01-21T13:44:39","modified_gmt":"2025-01-21T10:44:39","slug":"duyurular","status":"publish","type":"page","link":"https:\/\/dunyadiliturkce2024.harran.edu.tr\/index.php\/duyurular\/","title":{"rendered":"DUYURULAR"},"content":{"rendered":"\n<hr class=\"wp-block-separator has-alpha-channel-opacity\"\/>\n\n\n\n<p><mark style=\"background-color:#fcb900\" class=\"has-inline-color\">16. Uluslararas\u0131 D\u00fcnya Dili T\u00fcrk\u00e7e Sempozyumu Tam Metin Kitab\u0131 yay\u0131mland\u0131. Kitap i\u00e7in <a href=\"https:\/\/dunyadiliturkce2024.harran.edu.tr\/wp-content\/uploads\/2025\/01\/16.-UDDTS-TAM-METIN-KITABI-SURFA.pdf\" target=\"_blank\" rel=\"noreferrer noopener\">t\u0131klay\u0131n\u0131z<\/a>.<\/mark><\/p>\n\n\n\n<hr class=\"wp-block-separator has-alpha-channel-opacity\"\/>\n\n\n\n<p><mark style=\"background-color:#cf2e2e\" class=\"has-inline-color has-black-color\">16. Uluslararas\u0131 D\u00fcnya Dili T\u00fcrk\u00e7e Sempozyumu Bildiri \u00d6zet Kitab\u0131 yay\u0131mland\u0131. Kitap i\u00e7in <a href=\"https:\/\/dunyadiliturkce2024.harran.edu.tr\/wp-content\/uploads\/2025\/01\/16.-Uluslararasi-Dunya-Dili-Turkce-Sempozyumu-Bildiri-Ozet-Kitabi-SANLIURFA.pdf\" target=\"_blank\" rel=\"noreferrer noopener\">t\u0131klay\u0131n\u0131z<\/a>.<\/mark><\/p>\n\n\n\n<hr class=\"wp-block-separator has-alpha-channel-opacity\"\/>\n\n\n\n<p>Bildirilerinizin tam metinlerini <a href=\"https:\/\/docs.google.com\/forms\/d\/e\/1FAIpQLSfE08hbDdLpVN-XZ1f8usccS5VmDewuKfGMmH3S72iJTb2jwA\/viewform?usp=sf_link\">buradaki<\/a> ba\u011flant\u0131da yer alan forma ula\u015f\u0131p y\u00fckleyebilirsiniz. Son y\u00fckleme tarihi 8 Kas\u0131m olarak belirlenmi\u015ftir. <\/p>\n\n\n\n<hr class=\"wp-block-separator has-alpha-channel-opacity\"\/>\n\n\n\n<p><mark style=\"background-color:rgba(0, 0, 0, 0)\" class=\"has-inline-color has-vivid-red-color\">16. Uluslararas\u0131 D\u00fcnya Dili T\u00fcrk\u00e7e Sempozyumu Bildiri Yaz\u0131m Kurallar\u0131 g\u00fcncellenmi\u015ftir<\/mark>. L\u00fctfen ula\u015fmak i\u00e7in <a href=\"https:\/\/dunyadiliturkce2024.harran.edu.tr\/wp-content\/uploads\/2024\/10\/BILDIRI-TAM-METNI-YAZIM-KURALLARI.pdf\" target=\"_blank\" rel=\"noreferrer noopener\">t\u0131klay\u0131n\u0131z<\/a>.<\/p>\n\n\n\n<hr class=\"wp-block-separator has-alpha-channel-opacity\"\/>\n\n\n\n<p>\u00c7evrim i\u00e7i sunumlar &#8220;Microsoft Teams&#8221; \u00fczerinden yap\u0131lacakt\u0131r. Ba\u011flant\u0131 kare kodlar\u0131 sempozyum program\u0131ndaki ilgili oturumun ba\u015f k\u0131sm\u0131nda verilmi\u015ftir. Ayr\u0131ca ba\u011flant\u0131 adresleri a\u015fa\u011f\u0131da payla\u015f\u0131lm\u0131\u015ft\u0131r:<\/p>\n\n\n\n<p><strong><a href=\"https:\/\/teams.microsoft.com\/l\/meetup-join\/19%3ameeting_ODkyZDE4MTgtZTMyNi00NzU3LWFlNTItYmNlOWI5NjFmMzQy%40thread.v2\/0?context=%7b%22Tid%22%3a%226e376190-2fc8-49ee-a4f7-048db78c407b%22%2c%22Oid%22%3a%226d114c10-5e11-4225-8b3b-5739df2fad78%22%7d\" target=\"_blank\" rel=\"noreferrer noopener\">Yakup \u00d6mero\u011flu Oturumu (1. Oturum) (13.00-14.30<\/a><\/strong>)<\/p>\n\n\n\n<p><strong><a href=\"https:\/\/teams.microsoft.com\/l\/meetup-join\/19%3ameeting_ZmIxNDgzMWYtYjYyMy00NGI0LTk0OGEtNTcyMjQ0ZjVhN2Rj%40thread.v2\/0?context=%7b%22Tid%22%3a%226e376190-2fc8-49ee-a4f7-048db78c407b%22%2c%22Oid%22%3a%22357133ec-d332-4d3b-9a87-ebcf59cab36e%22%7d\">H\u00fcseyin Baykara Oturumu (1. Oturum) (13.00-14.30)<\/a><\/strong><\/p>\n\n\n\n<p><strong><a href=\"https:\/\/teams.microsoft.com\/l\/meetup-join\/19%3ameeting_ZjFmNTk5MzgtYWRlNy00NGE4LTg2MzctMmQ1MjRjMWFkYjJi%40thread.v2\/0?context=%7b%22Tid%22%3a%226e376190-2fc8-49ee-a4f7-048db78c407b%22%2c%22Oid%22%3a%22357133ec-d332-4d3b-9a87-ebcf59cab36e%22%7d\">K\u00e2\u015fgarl\u0131 Mahmud Oturumu (3. Oturum) (15.00-16.30)<\/a><\/strong><\/p>\n\n\n\n<p><strong><a href=\"https:\/\/teams.microsoft.com\/l\/meetup-join\/19%3ameeting_N2U2NmJjMWQtZWYxMi00NGRlLTgzYTktODcxYmJiNGE2Njdj%40thread.v2\/0?context=%7b%22Tid%22%3a%226e376190-2fc8-49ee-a4f7-048db78c407b%22%2c%22Oid%22%3a%226d114c10-5e11-4225-8b3b-5739df2fad78%22%7d\">B\u00e2b\u00fcr \u015eah Oturumu (1. Oturum) (10.00-11.30)<\/a><\/strong><\/p>\n\n\n\n<p><strong><a href=\"https:\/\/teams.microsoft.com\/l\/meetup-join\/19%3ameeting_M2E4MjQ5MWUtNjcxOC00ZmM1LThhMWItZTQ4MWY3YWYzODcz%40thread.v2\/0?context=%7b%22Tid%22%3a%226e376190-2fc8-49ee-a4f7-048db78c407b%22%2c%22Oid%22%3a%22357133ec-d332-4d3b-9a87-ebcf59cab36e%22%7d\">Yusuf Has H\u00e2cib Oturumu (2. Oturum) (13.30-15.00)<\/a><\/strong><\/p>\n\n\n\n<p><strong><a href=\"https:\/\/teams.microsoft.com\/l\/meetup-join\/19%3ameeting_MGVmMWY5ZTktMzgyNC00OTczLTgxYWQtNTE2MjYwZTA1ODdl%40thread.v2\/0?context=%7b%22Tid%22%3a%226e376190-2fc8-49ee-a4f7-048db78c407b%22%2c%22Oid%22%3a%226d114c10-5e11-4225-8b3b-5739df2fad78%22%7d\">Berke Fakih Oturumu (3. Oturum) (13.30-15.00)<\/a><\/strong><\/p>\n\n\n\n<p><strong><a href=\"https:\/\/teams.microsoft.com\/l\/meetup-join\/19%3ameeting_YjE0NGFiNDMtM2QyMi00MjRmLTgyYmQtOTM0NGM0Y2M4Zjc0%40thread.v2\/0?context=%7b%22Tid%22%3a%226e376190-2fc8-49ee-a4f7-048db78c407b%22%2c%22Oid%22%3a%22357133ec-d332-4d3b-9a87-ebcf59cab36e%22%7d\">Kerderli Mahmud Oturumu (4. Oturum) (15.30-17.00)<\/a><\/strong><\/p>\n\n\n\n<hr class=\"wp-block-separator has-alpha-channel-opacity\"\/>\n\n\n\n<p>Sempozyum Program\u0131 i\u00e7in <a href=\"https:\/\/dunyadiliturkce2024.harran.edu.tr\/wp-content\/uploads\/2024\/10\/Sempozyum-Programi-25.10-1.pdf\" target=\"_blank\" rel=\"noreferrer noopener\">t\u0131klay\u0131n\u0131z<\/a>. <mark style=\"background-color:rgba(0, 0, 0, 0)\" class=\"has-inline-color has-vivid-red-color\">(\u00dcnvan, kurum ve bildiri ba\u015fl\u0131klar\u0131nda de\u011fi\u015fiklik isteyen ara\u015ft\u0131rmac\u0131lar e-posta \u00fczerinden ileti\u015fime ge\u00e7ebilir.)<\/mark><\/p>\n\n\n\n<hr class=\"wp-block-separator has-alpha-channel-opacity\"\/>\n\n\n\n<p>Bildiri \u00fccretini \u00f6dedikten sonra <a href=\"https:\/\/docs.google.com\/forms\/d\/e\/1FAIpQLSfCuil994HrQP6ljj1UgP7qTaff_siCS7VbBuyuLiRNn1VooA\/viewform?usp=sf_link\">kay\u0131t formunu<\/a> l\u00fctfen doldurunuz.<\/p>\n\n\n\n<hr class=\"wp-block-separator has-alpha-channel-opacity\"\/>\n\n\n\n<p>Kabul Edilen Bildiriler listesi i\u00e7in <a href=\"https:\/\/dunyadiliturkce2024.harran.edu.tr\/wp-content\/uploads\/2024\/09\/KABUL-EDILEN-BILDIRILER.pdf\" target=\"_blank\" rel=\"noreferrer noopener\">t\u0131klay\u0131n\u0131z<\/a>.<\/p>\n\n\n\n<hr class=\"wp-block-separator has-alpha-channel-opacity\"\/>\n\n\n\n<p><\/p>\n","protected":false},"excerpt":{"rendered":"<p>16. Uluslararas\u0131 D\u00fcnya Dili T\u00fcrk\u00e7e Sempozyumu Tam Metin Kitab\u0131 yay\u0131mland\u0131. Kitap i\u00e7in t\u0131klay\u0131n\u0131z. 16. Uluslararas\u0131 D\u00fcnya Dili T\u00fcrk\u00e7e Sempozyumu Bildiri \u00d6zet Kitab\u0131 yay\u0131mland\u0131. Kitap i\u00e7in t\u0131klay\u0131n\u0131z. Bildirilerinizin tam metinlerini buradaki ba\u011flant\u0131da yer alan forma ula\u015f\u0131p y\u00fckleyebilirsiniz. Son y\u00fckleme tarihi 8 Kas\u0131m olarak belirlenmi\u015ftir. 16. Uluslararas\u0131 D\u00fcnya Dili T\u00fcrk\u00e7e Sempozyumu Bildiri Yaz\u0131m Kurallar\u0131 g\u00fcncellenmi\u015ftir. L\u00fctfen ula\u015fmak &hellip; <\/p>\n","protected":false},"author":1,"featured_media":0,"parent":0,"menu_order":0,"comment_status":"closed","ping_status":"closed","template":"","meta":{"footnotes":""},"class_list":["post-1188","page","type-page","status-publish","hentry"],"_links":{"self":[{"href":"https:\/\/dunyadiliturkce2024.harran.edu.tr\/index.php\/wp-json\/wp\/v2\/pages\/1188","targetHints":{"allow":["GET"]}}],"collection":[{"href":"https:\/\/dunyadiliturkce2024.harran.edu.tr\/index.php\/wp-json\/wp\/v2\/pages"}],"about":[{"href":"https:\/\/dunyadiliturkce2024.harran.edu.tr\/index.php\/wp-json\/wp\/v2\/types\/page"}],"author":[{"embeddable":true,"href":"https:\/\/dunyadiliturkce2024.harran.edu.tr\/index.php\/wp-json\/wp\/v2\/users\/1"}],"replies":[{"embeddable":true,"href":"https:\/\/dunyadiliturkce2024.harran.edu.tr\/index.php\/wp-json\/wp\/v2\/comments?post=1188"}],"version-history":[{"count":48,"href":"https:\/\/dunyadiliturkce2024.harran.edu.tr\/index.php\/wp-json\/wp\/v2\/pages\/1188\/revisions"}],"predecessor-version":[{"id":1469,"href":"https:\/\/dunyadiliturkce2024.harran.edu.tr\/index.php\/wp-json\/wp\/v2\/pages\/1188\/revisions\/1469"}],"wp:attachment":[{"href":"https:\/\/dunyadiliturkce2024.harran.edu.tr\/index.php\/wp-json\/wp\/v2\/media?parent=1188"}],"curies":[{"name":"wp","href":"https:\/\/api.w.org\/{rel}","templated":true}]}}